{"id":7428,"date":"2022-01-27T11:27:43","date_gmt":"2022-01-27T19:27:43","guid":{"rendered":"https:\/\/apibhs.com\/nuestra-historia"},"modified":"2026-02-25T12:06:03","modified_gmt":"2026-02-25T20:06:03","slug":"nuestra-historia","status":"publish","type":"page","link":"https:\/\/apibhs.com\/es\/nuestra-historia","title":{"rendered":"NUESTRA HISTORIA"},"content":{"rendered":"<div class=\"\">\n  <div class=\"block-header-text block-header-text--dark-text-centered-contained\">\n    <div class=\"block-header-text__inner container\">\n\n            <h2 class=\"block-header-text__header\">SISTEMA DE LA SALUD CONDUCTUAL DEL INSITUTO DE ALVARADO PARKWAY<\/h2>\n      \n            <div class=\"block-header-text__text\"><p style=\"text-align: left;\">A lo largo de los a\u00f1os, hemos visto cambiar significativamente el panorama de la salud mental y las adicciones, pero nuestra creencia en la resiliencia del esp\u00edritu humano ha perdurado. Sabemos que hay una vida plena al otro lado de la enfermedad mental y la adicci\u00f3n. Nuestra misi\u00f3n ha sido ayudar a las personas a alcanzar esa vida satisfactoria remodelando nuestro sistema de atenci\u00f3n para incluir una red de servicios afiliados que est\u00e1n dise\u00f1ados para maximizar el potencial de cada persona a la que servimos. A trav\u00e9s de nuestro Centro de Salud Mental y Trastornos Adictivos, estamos ampliando nuestra red para incluir no solo servicios hospitalarios y ambulatorios, sino tambi\u00e9n tratamiento residencial, atenci\u00f3n domiciliaria, asesoramiento y servicios de farmacia. La adici\u00f3n de estos servicios, nuestro compromiso con las mejores pr\u00e1cticas y nuestro equipo de profesionales dedicados nos permiten obtener mejores resultados para nuestros clientes para que puedan vivir su mejor vida.<\/p>\n<p style=\"text-align: left;\">Haz clic a continuaci\u00f3n para obtener m\u00e1s informaci\u00f3n de nuestros clientes y personal.<\/p>\n<p align=\"left\"><a class=\"btn btn-secondary\" href=\"https:\/\/apibhs.com\/center-for-mental-health-addictive-disorders#jump\" rel=\"noopener\">HAZ CLIC PARA V\u00cdDEO<\/a><\/p>\n<\/div>\n      \n    <\/div>\n  <\/div>\n<\/div><div class=\"\">\n  <div class=\"block-values\">\n    <div class=\"block-values__inner container\">\n\n      <div class=\"block-values__values\">\n                        <div class=\"block-values__value mb-5 mb-lg-3\">\n\n          <div class=\"row justify-content-center align-items-center\">\n            <div class=\"col-lg-4 mb-3 mb-lg-0\">\n\n                            <div class=\"block-values__image\">\n                <img decoding=\"async\" src=\"https:\/\/apibhs.com\/wp-content\/uploads\/2019\/09\/Our-vision-800x638.jpg\" alt=\"\" class=\"img-fluid\" \/>\n              <\/div>\n              \n            <\/div>\n            <div class=\"col-lg-8 mb-3 mb-lg-0\">\n\n                            <h2 class=\"block-values__header\">NUESTRA VISI\u00d3N<\/h2>\n              \n                            <div class=\"block-values__text\">Ser el proveedor l\u00edder de excelentes servicios de salud conductual para la comunidad de San Diego y m\u00e1s all\u00e1<\/div>\n              \n              <ul class=\"block-values__items block-values__items--vertical\">\n                              <\/ul>\n\n            <\/div>\n\n          <\/div>\n\n        <\/div>\n                        <div class=\"block-values__value mb-5 mb-lg-3\">\n\n          <div class=\"row justify-content-center align-items-center\">\n            <div class=\"col-lg-4 mb-3 mb-lg-0\">\n\n                            <div class=\"block-values__image\">\n                <img decoding=\"async\" src=\"https:\/\/apibhs.com\/wp-content\/uploads\/2019\/07\/mission-800x673.png\" alt=\"\" class=\"img-fluid\" \/>\n              <\/div>\n              \n            <\/div>\n            <div class=\"col-lg-8 mb-3 mb-lg-0\">\n\n                            <h2 class=\"block-values__header\">NUESTRA MISI\u00d3N\/ POR QU\u00c9 EXISTIMOS<\/h2>\n              \n                            <div class=\"block-values__text\">Mejorar la salud mental y la calidad de vida ayudando a las personas a maximizar su potencial<\/div>\n              \n              <ul class=\"block-values__items block-values__items--vertical\">\n                              <\/ul>\n\n            <\/div>\n\n          <\/div>\n\n        <\/div>\n                        <div class=\"block-values__value mb-5 mb-lg-3\">\n\n          <div class=\"row justify-content-center align-items-center\">\n            <div class=\"col-lg-4 mb-3 mb-lg-0\">\n\n                            <div class=\"block-values__image\">\n                <img decoding=\"async\" src=\"https:\/\/apibhs.com\/wp-content\/uploads\/2019\/07\/values-800x690.jpg\" alt=\"\" class=\"img-fluid\" \/>\n              <\/div>\n              \n            <\/div>\n            <div class=\"col-lg-8 mb-3 mb-lg-0\">\n\n                            <h2 class=\"block-values__header\">NUESTROS VALORES\/ LO QUE CREEMOS<\/h2>\n              \n                            <div class=\"block-values__text\">Nuestro trabajo estar\u00e1 guiado por nuestras creencias y compromisos para:<\/div>\n              \n              <ul class=\"block-values__items block-values__items--horizontal\">\n                                                <li class=\"block-values__item \">\n\n                                    <div class=\"block-values__title\">Las personas<\/div>\n                  \n                <\/li>\n                                                <li class=\"block-values__item \">\n\n                                    <div class=\"block-values__title\">El servicio<\/div>\n                  \n                <\/li>\n                                                <li class=\"block-values__item \">\n\n                                    <div class=\"block-values__title\">Los resultados<\/div>\n                  \n                <\/li>\n                              <\/ul>\n\n            <\/div>\n\n          <\/div>\n\n        <\/div>\n                        <div class=\"block-values__value mb-5 mb-lg-3\">\n\n          <div class=\"row justify-content-center align-items-center\">\n            <div class=\"col-lg-4 mb-3 mb-lg-0\">\n\n                            <div class=\"block-values__image\">\n                <img decoding=\"async\" src=\"https:\/\/apibhs.com\/wp-content\/uploads\/2019\/07\/principles-800x1153.jpg\" alt=\"\" class=\"img-fluid\" \/>\n              <\/div>\n              \n            <\/div>\n            <div class=\"col-lg-8 mb-3 mb-lg-0\">\n\n                            <h2 class=\"block-values__header\">PRINCIPIOS RECTORES\/ C\u00d3MO NOS COMPORTAMOS<\/h2>\n              \n              \n              <ul class=\"block-values__items block-values__items--vertical\">\n                                                <li class=\"block-values__item \">\n\n                                    <div class=\"block-values__title\">Honramos, respetamos e invertimos en todas las personas.<\/div>\n                  \n                <\/li>\n                                                <li class=\"block-values__item \">\n\n                                    <div class=\"block-values__title\">Estamos en nuestro mejor momento cuando trabajamos juntos.<\/div>\n                  \n                <\/li>\n                                                <li class=\"block-values__item \">\n\n                                    <div class=\"block-values__title\">Hacemos lo correcto.<\/div>\n                  \n                <\/li>\n                                                <li class=\"block-values__item \">\n\n                                    <div class=\"block-values__title\">Nos adaptamos con creatividad y visi\u00f3n.<\/div>\n                  \n                <\/li>\n                                                <li class=\"block-values__item \">\n\n                                    <div class=\"block-values__title\">Servimos con compasi\u00f3n.<\/div>\n                  \n                <\/li>\n                                                <li class=\"block-values__item \">\n\n                                    <div class=\"block-values__title\">Abrazamos el panorama general.<\/div>\n                  \n                <\/li>\n                                                <li class=\"block-values__item \">\n\n                                    <div class=\"block-values__title\">Nos responsabilizamos unos a otros.<\/div>\n                  \n                <\/li>\n                                                <li class=\"block-values__item \">\n\n                                    <div class=\"block-values__title\">Utilizamos las mejores pr\u00e1cticas.<\/div>\n                  \n                <\/li>\n                                                <li class=\"block-values__item \">\n\n                                    <div class=\"block-values__title\">Nos comunicamos con honestidad y claridad.<\/div>\n                  \n                <\/li>\n                                                <li class=\"block-values__item \">\n\n                                    <div class=\"block-values__title\">Adoptamos la inclusi\u00f3n, celebramos la diversidad y buscamos activamente la equidad.<\/div>\n                  \n                <\/li>\n                              <\/ul>\n\n            <\/div>\n\n          <\/div>\n\n        <\/div>\n              <\/div>\n\n    <\/div>\n  <\/div>\n<\/div><div class=\"\">\n  <div class=\"block-membership-accreditations\">\n    <div class=\"block-membership-accreditations__inner container\">\n\n      <div class=\"row justify-content-center align-items-center\">\n        <div class=\"col-lg-4 mb-5 mb-lg-0\">\n\n                    <div class=\"block-membership-accreditations__image\">\n            <img decoding=\"async\" src=\"https:\/\/apibhs.com\/wp-content\/uploads\/2019\/07\/joint-commission-seal.png\" alt=\"\" class=\"img-fluid\" \/>\n          <\/div>\n          \n        <\/div>\n        <div class=\"col-lg-8\">\n\n                    <h2 class=\"block-membership-accreditations__header\">Membres\u00edas y acreditaciones<\/h2>\n          \n                    <div class=\"block-membership-accreditations__text\"><p>El Instituto Alvarado Parkway es:<\/p>\n<p>\u2022 Autorizado por el State of California Department of Public Health<br \/>\n\u2022 Acreditado por The Joint Commission<br \/>\n\u2022 Certificado por los Centers for Medicare and Medicaid Services<br \/>\n\u2022 Certificado por TRICARE<\/p>\n<p><strong><strong>Miembro del California Psychological Internship Council (CAPIC)<\/strong><\/strong><\/p>\n<p>\u2022 Alvarado Parkway Institute est\u00e1 certificado para realizar pasant\u00edas predoctorales de psicolog\u00eda de tiempo parcial y completo<\/p>\n<\/div>\n          \n        <\/div>\n      <\/div>\n\n    <\/div>\n  <\/div>\n<\/div>","protected":false},"excerpt":{"rendered":"","protected":false},"author":1,"featured_media":7346,"parent":0,"menu_order":0,"comment_status":"closed","ping_status":"closed","template":"views\/template-wide.blade.php","meta":{"_acf_changed":false,"inline_featured_image":false,"footnotes":""},"class_list":["post-7428","page","type-page","status-publish","has-post-thumbnail","hentry"],"acf":[],"yoast_head":"<!-- This site is optimized with the Yoast SEO plugin v27.4 - https:\/\/yoast.com\/product\/yoast-seo-wordpress\/ -->\n<title>NUESTRA HISTORIA - Alvarado Parkway Institute<\/title>\n<meta name=\"robots\" content=\"index, follow, max-snippet:-1, max-image-preview:large, max-video-preview:-1\" \/>\n<link rel=\"canonical\" href=\"https:\/\/apibhs.com\/es\/nuestra-historia\" \/>\n<meta property=\"og:locale\" content=\"es_ES\" \/>\n<meta property=\"og:type\" content=\"article\" \/>\n<meta property=\"og:title\" content=\"NUESTRA HISTORIA - Alvarado Parkway Institute\" \/>\n<meta property=\"og:url\" content=\"https:\/\/apibhs.com\/es\/nuestra-historia\" \/>\n<meta property=\"og:site_name\" content=\"Alvarado Parkway Institute\" \/>\n<meta property=\"article:publisher\" content=\"https:\/\/www.facebook.com\/AlvaradoParkwayInstitute\/\" \/>\n<meta property=\"article:modified_time\" content=\"2026-02-25T20:06:03+00:00\" \/>\n<meta property=\"og:image\" content=\"https:\/\/apibhs.com\/wp-content\/uploads\/2020\/03\/OurStory-HERO_edited-sm.jpg\" \/>\n\t<meta property=\"og:image:width\" content=\"1600\" \/>\n\t<meta property=\"og:image:height\" content=\"900\" \/>\n\t<meta property=\"og:image:type\" content=\"image\/jpeg\" \/>\n<meta name=\"twitter:card\" content=\"summary_large_image\" \/>\n<meta name=\"twitter:site\" content=\"@AlvaradoParkway\" \/>\n<script type=\"application\/ld+json\" class=\"yoast-schema-graph\">{\"@context\":\"https:\\\/\\\/schema.org\",\"@graph\":[{\"@type\":\"WebPage\",\"@id\":\"https:\\\/\\\/apibhs.com\\\/es\\\/nuestra-historia\",\"url\":\"https:\\\/\\\/apibhs.com\\\/es\\\/nuestra-historia\",\"name\":\"NUESTRA HISTORIA - Alvarado Parkway Institute\",\"isPartOf\":{\"@id\":\"https:\\\/\\\/apibhs.com\\\/es#website\"},\"primaryImageOfPage\":{\"@id\":\"https:\\\/\\\/apibhs.com\\\/es\\\/nuestra-historia#primaryimage\"},\"image\":{\"@id\":\"https:\\\/\\\/apibhs.com\\\/es\\\/nuestra-historia#primaryimage\"},\"thumbnailUrl\":\"https:\\\/\\\/apibhs.com\\\/wp-content\\\/uploads\\\/2020\\\/03\\\/OurStory-HERO_edited-sm.jpg\",\"datePublished\":\"2022-01-27T19:27:43+00:00\",\"dateModified\":\"2026-02-25T20:06:03+00:00\",\"breadcrumb\":{\"@id\":\"https:\\\/\\\/apibhs.com\\\/es\\\/nuestra-historia#breadcrumb\"},\"inLanguage\":\"es\",\"potentialAction\":[{\"@type\":\"ReadAction\",\"target\":[\"https:\\\/\\\/apibhs.com\\\/es\\\/nuestra-historia\"]}]},{\"@type\":\"ImageObject\",\"inLanguage\":\"es\",\"@id\":\"https:\\\/\\\/apibhs.com\\\/es\\\/nuestra-historia#primaryimage\",\"url\":\"https:\\\/\\\/apibhs.com\\\/wp-content\\\/uploads\\\/2020\\\/03\\\/OurStory-HERO_edited-sm.jpg\",\"contentUrl\":\"https:\\\/\\\/apibhs.com\\\/wp-content\\\/uploads\\\/2020\\\/03\\\/OurStory-HERO_edited-sm.jpg\",\"width\":1600,\"height\":900},{\"@type\":\"BreadcrumbList\",\"@id\":\"https:\\\/\\\/apibhs.com\\\/es\\\/nuestra-historia#breadcrumb\",\"itemListElement\":[{\"@type\":\"ListItem\",\"position\":1,\"name\":\"Home\",\"item\":\"https:\\\/\\\/apibhs.com\\\/es\"},{\"@type\":\"ListItem\",\"position\":2,\"name\":\"NUESTRA HISTORIA\"}]},{\"@type\":\"WebSite\",\"@id\":\"https:\\\/\\\/apibhs.com\\\/es#website\",\"url\":\"https:\\\/\\\/apibhs.com\\\/es\",\"name\":\"Alvarado Parkway Institute\",\"description\":\"Behavioral Health System\",\"publisher\":{\"@id\":\"https:\\\/\\\/apibhs.com\\\/es#organization\"},\"potentialAction\":[{\"@type\":\"SearchAction\",\"target\":{\"@type\":\"EntryPoint\",\"urlTemplate\":\"https:\\\/\\\/apibhs.com\\\/es?s={search_term_string}\"},\"query-input\":{\"@type\":\"PropertyValueSpecification\",\"valueRequired\":true,\"valueName\":\"search_term_string\"}}],\"inLanguage\":\"es\"},{\"@type\":\"Organization\",\"@id\":\"https:\\\/\\\/apibhs.com\\\/es#organization\",\"name\":\"Alvarado Parkway Institute\",\"url\":\"https:\\\/\\\/apibhs.com\\\/es\",\"logo\":{\"@type\":\"ImageObject\",\"inLanguage\":\"es\",\"@id\":\"https:\\\/\\\/apibhs.com\\\/es#\\\/schema\\\/logo\\\/image\\\/\",\"url\":\"https:\\\/\\\/apibhs.com\\\/wp-content\\\/uploads\\\/2019\\\/12\\\/logo_500px.png\",\"contentUrl\":\"https:\\\/\\\/apibhs.com\\\/wp-content\\\/uploads\\\/2019\\\/12\\\/logo_500px.png\",\"width\":500,\"height\":294,\"caption\":\"Alvarado Parkway Institute\"},\"image\":{\"@id\":\"https:\\\/\\\/apibhs.com\\\/es#\\\/schema\\\/logo\\\/image\\\/\"},\"sameAs\":[\"https:\\\/\\\/www.facebook.com\\\/AlvaradoParkwayInstitute\\\/\",\"https:\\\/\\\/x.com\\\/AlvaradoParkway\",\"https:\\\/\\\/www.instagram.com\\\/alvaradoparkwayinstitute\\\/\",\"https:\\\/\\\/www.youtube.com\\\/channel\\\/UCez8rfL6s86VgKuMiVTsYqA\",\"https:\\\/\\\/www.linkedin.com\\\/company\\\/alvaradoparkwayinstitute\",\"https:\\\/\\\/vimeo.com\\\/alvaradoparkwayinstitute\"]}]}<\/script>\n<!-- \/ Yoast SEO plugin. -->","yoast_head_json":{"title":"NUESTRA HISTORIA - Alvarado Parkway Institute","robots":{"index":"index","follow":"follow","max-snippet":"max-snippet:-1","max-image-preview":"max-image-preview:large","max-video-preview":"max-video-preview:-1"},"canonical":"https:\/\/apibhs.com\/es\/nuestra-historia","og_locale":"es_ES","og_type":"article","og_title":"NUESTRA HISTORIA - Alvarado Parkway Institute","og_url":"https:\/\/apibhs.com\/es\/nuestra-historia","og_site_name":"Alvarado Parkway Institute","article_publisher":"https:\/\/www.facebook.com\/AlvaradoParkwayInstitute\/","article_modified_time":"2026-02-25T20:06:03+00:00","og_image":[{"width":1600,"height":900,"url":"https:\/\/apibhs.com\/wp-content\/uploads\/2020\/03\/OurStory-HERO_edited-sm.jpg","type":"image\/jpeg"}],"twitter_card":"summary_large_image","twitter_site":"@AlvaradoParkway","schema":{"@context":"https:\/\/schema.org","@graph":[{"@type":"WebPage","@id":"https:\/\/apibhs.com\/es\/nuestra-historia","url":"https:\/\/apibhs.com\/es\/nuestra-historia","name":"NUESTRA HISTORIA - Alvarado Parkway Institute","isPartOf":{"@id":"https:\/\/apibhs.com\/es#website"},"primaryImageOfPage":{"@id":"https:\/\/apibhs.com\/es\/nuestra-historia#primaryimage"},"image":{"@id":"https:\/\/apibhs.com\/es\/nuestra-historia#primaryimage"},"thumbnailUrl":"https:\/\/apibhs.com\/wp-content\/uploads\/2020\/03\/OurStory-HERO_edited-sm.jpg","datePublished":"2022-01-27T19:27:43+00:00","dateModified":"2026-02-25T20:06:03+00:00","breadcrumb":{"@id":"https:\/\/apibhs.com\/es\/nuestra-historia#breadcrumb"},"inLanguage":"es","potentialAction":[{"@type":"ReadAction","target":["https:\/\/apibhs.com\/es\/nuestra-historia"]}]},{"@type":"ImageObject","inLanguage":"es","@id":"https:\/\/apibhs.com\/es\/nuestra-historia#primaryimage","url":"https:\/\/apibhs.com\/wp-content\/uploads\/2020\/03\/OurStory-HERO_edited-sm.jpg","contentUrl":"https:\/\/apibhs.com\/wp-content\/uploads\/2020\/03\/OurStory-HERO_edited-sm.jpg","width":1600,"height":900},{"@type":"BreadcrumbList","@id":"https:\/\/apibhs.com\/es\/nuestra-historia#breadcrumb","itemListElement":[{"@type":"ListItem","position":1,"name":"Home","item":"https:\/\/apibhs.com\/es"},{"@type":"ListItem","position":2,"name":"NUESTRA HISTORIA"}]},{"@type":"WebSite","@id":"https:\/\/apibhs.com\/es#website","url":"https:\/\/apibhs.com\/es","name":"Alvarado Parkway Institute","description":"Behavioral Health System","publisher":{"@id":"https:\/\/apibhs.com\/es#organization"},"potentialAction":[{"@type":"SearchAction","target":{"@type":"EntryPoint","urlTemplate":"https:\/\/apibhs.com\/es?s={search_term_string}"},"query-input":{"@type":"PropertyValueSpecification","valueRequired":true,"valueName":"search_term_string"}}],"inLanguage":"es"},{"@type":"Organization","@id":"https:\/\/apibhs.com\/es#organization","name":"Alvarado Parkway Institute","url":"https:\/\/apibhs.com\/es","logo":{"@type":"ImageObject","inLanguage":"es","@id":"https:\/\/apibhs.com\/es#\/schema\/logo\/image\/","url":"https:\/\/apibhs.com\/wp-content\/uploads\/2019\/12\/logo_500px.png","contentUrl":"https:\/\/apibhs.com\/wp-content\/uploads\/2019\/12\/logo_500px.png","width":500,"height":294,"caption":"Alvarado Parkway Institute"},"image":{"@id":"https:\/\/apibhs.com\/es#\/schema\/logo\/image\/"},"sameAs":["https:\/\/www.facebook.com\/AlvaradoParkwayInstitute\/","https:\/\/x.com\/AlvaradoParkway","https:\/\/www.instagram.com\/alvaradoparkwayinstitute\/","https:\/\/www.youtube.com\/channel\/UCez8rfL6s86VgKuMiVTsYqA","https:\/\/www.linkedin.com\/company\/alvaradoparkwayinstitute","https:\/\/vimeo.com\/alvaradoparkwayinstitute"]}]}},"amp_enabled":false,"_links":{"self":[{"href":"https:\/\/apibhs.com\/es\/wp-json\/wp\/v2\/pages\/7428","targetHints":{"allow":["GET"]}}],"collection":[{"href":"https:\/\/apibhs.com\/es\/wp-json\/wp\/v2\/pages"}],"about":[{"href":"https:\/\/apibhs.com\/es\/wp-json\/wp\/v2\/types\/page"}],"author":[{"embeddable":true,"href":"https:\/\/apibhs.com\/es\/wp-json\/wp\/v2\/users\/1"}],"replies":[{"embeddable":true,"href":"https:\/\/apibhs.com\/es\/wp-json\/wp\/v2\/comments?post=7428"}],"version-history":[{"count":5,"href":"https:\/\/apibhs.com\/es\/wp-json\/wp\/v2\/pages\/7428\/revisions"}],"predecessor-version":[{"id":244975,"href":"https:\/\/apibhs.com\/es\/wp-json\/wp\/v2\/pages\/7428\/revisions\/244975"}],"wp:featuredmedia":[{"embeddable":true,"href":"https:\/\/apibhs.com\/es\/wp-json\/wp\/v2\/media\/7346"}],"wp:attachment":[{"href":"https:\/\/apibhs.com\/es\/wp-json\/wp\/v2\/media?parent=7428"}],"curies":[{"name":"wp","href":"https:\/\/api.w.org\/{rel}","templated":true}]}}