{"id":7432,"date":"2022-01-27T11:31:34","date_gmt":"2022-01-27T19:31:34","guid":{"rendered":"https:\/\/apibhs.com\/contactanos"},"modified":"2026-02-23T16:40:23","modified_gmt":"2026-02-24T00:40:23","slug":"contactanos","status":"publish","type":"page","link":"https:\/\/apibhs.com\/es\/contactanos","title":{"rendered":"CONT\u00c1CTANOS"},"content":{"rendered":"<div class=\"header-image-text  header-image-text--dark\">\n\t<div class=\"header-image-text__inner container\">\n\n\t\t\t\t<h2 class=\"header-image-text__header\">C\u00d3MO COMUNICARSE CON EL INSTITUTO DE ALVARADO PARKWAY<\/h2>\n\t\t\n\t\t<div class=\"row justify-content-center\">\n\t\t\t<div class=\"col-lg-6 mb-3 mb-lg-0\">\n\n\t\t\t\t\t\t\t\t<div class=\"header-image-text__image\">\n\t\t\t\t\t<img decoding=\"async\" src=\"https:\/\/apibhs.com\/wp-content\/uploads\/2019\/08\/contact-2nd_1000px-800x534.jpg\" alt=\"\" class=\"img-fluid w-100\"\/>\n\t\t\t\t<\/div>\n\t\t\t\t\n\t\t\t<\/div>\n\t\t\t<div class=\"col-lg-6\">\n\n\t\t\t\t\t\t\t\t<div class=\"header-image-text__text\"><p><strong>Este sitio web no responde a emergencias psiqui\u00e1tricas inmediatas. Si t\u00fa o alguien a quien cuidas est\u00e1 experimentando una emergencia m\u00e9dica, llama al 911 de inmediato.<\/strong><\/p>\n<p>Si t\u00fa o alguien a quien cuidas est\u00e1 experimentando una crisis de trastornos psiqui\u00e1tricos o adictivos, llama a nuestro personal capacitado del Centro de Llamadas, que est\u00e1 disponible para ayudarte los siete d\u00edas de la semana, las 24 horas del d\u00eda: 619-333-7050.<\/p>\n<p>Para comunicarte con el <strong>Departamento de Facturaci\u00f3n<\/strong>, de lunes a viernes de 8:00-17:00, llama al: 619-667-6187<\/p>\n<p>Para <strong>registros m\u00e9dicos<\/strong> <a href=\"https:\/\/apibhs.com\/es\/client-information#jumpmr\" rel=\"noopener\"><span style=\"color: #ffcc99;\"><strong>HAZ CLIC AQU\u00cd<\/strong><\/span><\/a>.<\/p>\n<p><a class=\"btn btn-secondary\" href=\"https:\/\/apibhs.com\/directions-locations\">CONTACTAR UNA UBICACI\u00d3N ESPEC\u00cdFICA<\/a><\/p>\n<\/div>\n\t\t\t\t\n\t\t\t<\/div>\n\t\t<\/div>\n\n\t<\/div>\n<\/div><div class=\"\">\n<div class=\"block-header-form\">\n<div class=\"block-header-form__inner container\">\n\n    <h2 class=\"block-header-form__header\">Para situaciones que no sean de emergencia, completa el formulario a continuaci\u00f3n para que un miembro de nuestro personal se comunique contigo<\/h2>\n  \n    <div class=\"block-header-form__form\">\n<div class=\"wpcf7 no-js\" id=\"wpcf7-f1218-o1\" lang=\"en-US\" dir=\"ltr\" data-wpcf7-id=\"1218\">\n<div class=\"screen-reader-response\"><p role=\"status\" aria-live=\"polite\" aria-atomic=\"true\"><\/p> <ul><\/ul><\/div>\n<form action=\"\/es\/wp-json\/wp\/v2\/pages\/7432#wpcf7-f1218-o1\" method=\"post\" class=\"wpcf7-form init\" aria-label=\"Contact form\" novalidate=\"novalidate\" data-status=\"init\">\n<fieldset class=\"hidden-fields-container\"><input type=\"hidden\" name=\"_wpcf7\" value=\"1218\" \/><input type=\"hidden\" name=\"_wpcf7_version\" value=\"6.1.5\" \/><input type=\"hidden\" name=\"_wpcf7_locale\" value=\"en_US\" \/><input type=\"hidden\" name=\"_wpcf7_unit_tag\" value=\"wpcf7-f1218-o1\" \/><input type=\"hidden\" name=\"_wpcf7_container_post\" value=\"0\" \/><input type=\"hidden\" name=\"_wpcf7_posted_data_hash\" value=\"\" \/><input type=\"hidden\" name=\"_wpcf7_recaptcha_response\" value=\"\" \/>\n<\/fieldset>\n<div class=\"form\">\n\t<div class=\"d-lg-flex\">\n\t\t<div class=\"m-3\">\n\t\t\t<p><label for=\"first-name\">First Name<\/label><span class=\"wpcf7-form-control-wrap\" data-name=\"first-name\"><input size=\"40\" maxlength=\"400\" class=\"wpcf7-form-control wpcf7-text wpcf7-validates-as-required form-control\" aria-required=\"true\" aria-invalid=\"false\" value=\"\" type=\"text\" name=\"first-name\" \/><\/span>\n\t\t\t<\/p>\n\t\t<\/div>\n\t\t<div class=\"m-3\">\n\t\t\t<p><label for=\"last-name\">Last Name<\/label><span class=\"wpcf7-form-control-wrap\" data-name=\"last-name\"><input size=\"40\" maxlength=\"400\" class=\"wpcf7-form-control wpcf7-text wpcf7-validates-as-required form-control\" aria-required=\"true\" aria-invalid=\"false\" value=\"\" type=\"text\" name=\"last-name\" \/><\/span>\n\t\t\t<\/p>\n\t\t<\/div>\n\t<\/div>\n\t<div class=\"d-lg-flex\">\n\t\t<div class=\"m-3\">\n\t\t\t<p><label for=\"your-email\">Email<\/label><span class=\"wpcf7-form-control-wrap\" data-name=\"your-email\"><input size=\"40\" maxlength=\"400\" class=\"wpcf7-form-control wpcf7-email wpcf7-validates-as-required wpcf7-text wpcf7-validates-as-email form-control\" aria-required=\"true\" aria-invalid=\"false\" value=\"\" type=\"email\" name=\"your-email\" \/><\/span>\n\t\t\t<\/p>\n\t\t<\/div>\n\t\t<div class=\"m-3\">\n\t\t\t<p><label for=\"tel-phone\">Phone<\/label><span class=\"wpcf7-form-control-wrap\" data-name=\"tel-phone\"><input size=\"40\" maxlength=\"400\" class=\"wpcf7-form-control wpcf7-tel wpcf7-text wpcf7-validates-as-tel form-control\" aria-invalid=\"false\" value=\"\" type=\"tel\" name=\"tel-phone\" \/><\/span>\n\t\t\t<\/p>\n\t\t<\/div>\n\t<\/div>\n\t<div class=\"form-group col-lg\">\n\t\t<p><label for=\"Message\">Message<\/label><span class=\"wpcf7-form-control-wrap\" data-name=\"textarea-357\"><textarea cols=\"40\" rows=\"10\" maxlength=\"2000\" class=\"wpcf7-form-control wpcf7-textarea form-control\" aria-invalid=\"false\" name=\"textarea-357\"><\/textarea><\/span>\n\t\t<\/p>\n\t<\/div>\n\t<div class=\"d-lg-flex\">\n\t\t<div class=\"form-group col-lg text-center\">\n\t\t\t<p><span class=\"wpcf7-form-control-wrap\" data-name=\"opt-in\"><span class=\"wpcf7-form-control wpcf7-checkbox\"><span class=\"wpcf7-list-item first last\"><input type=\"checkbox\" name=\"opt-in[]\" value=\"STAY INFORMED! Check box to receive free information about behavioral health.\" \/><span class=\"wpcf7-list-item-label\">STAY INFORMED! Check box to receive free information about behavioral health.<\/span><\/span><\/span><\/span>\n\t\t\t<\/p>\n\t\t<\/div>\n\t<\/div>\n\t<div class=\"form-group col text-center\">\n\t\t<p><input class=\"wpcf7-form-control wpcf7-submit has-spinner btn btn-secondary\" type=\"submit\" value=\"Submit Message\" \/>\n\t\t<\/p>\n\t<\/div>\n<\/div><div class=\"wpcf7-response-output\" aria-hidden=\"true\"><\/div>\n<\/form>\n<\/div>\n<\/div>\n  \n<\/div>\n<\/div>\n<\/div>","protected":false},"excerpt":{"rendered":"","protected":false},"author":1,"featured_media":7199,"parent":0,"menu_order":0,"comment_status":"closed","ping_status":"closed","template":"views\/template-wide.blade.php","meta":{"_acf_changed":false,"inline_featured_image":false,"footnotes":""},"class_list":["post-7432","page","type-page","status-publish","has-post-thumbnail","hentry"],"acf":[],"yoast_head":"<!-- This site is optimized with the Yoast SEO plugin v27.4 - https:\/\/yoast.com\/product\/yoast-seo-wordpress\/ -->\n<title>CONT\u00c1CTANOS - Alvarado Parkway Institute<\/title>\n<meta name=\"robots\" content=\"index, follow, max-snippet:-1, max-image-preview:large, max-video-preview:-1\" \/>\n<link rel=\"canonical\" href=\"https:\/\/apibhs.com\/es\/contactanos\" \/>\n<meta property=\"og:locale\" content=\"es_ES\" \/>\n<meta property=\"og:type\" content=\"article\" \/>\n<meta property=\"og:title\" content=\"CONT\u00c1CTANOS - Alvarado Parkway Institute\" \/>\n<meta property=\"og:url\" content=\"https:\/\/apibhs.com\/es\/contactanos\" \/>\n<meta property=\"og:site_name\" content=\"Alvarado Parkway Institute\" \/>\n<meta property=\"article:publisher\" content=\"https:\/\/www.facebook.com\/AlvaradoParkwayInstitute\/\" \/>\n<meta property=\"article:modified_time\" content=\"2026-02-24T00:40:23+00:00\" \/>\n<meta property=\"og:image\" content=\"https:\/\/apibhs.com\/wp-content\/uploads\/2019\/08\/HERO-contact-gradient.jpg\" \/>\n\t<meta property=\"og:image:width\" content=\"1600\" \/>\n\t<meta property=\"og:image:height\" content=\"901\" \/>\n\t<meta property=\"og:image:type\" content=\"image\/jpeg\" \/>\n<meta name=\"twitter:card\" content=\"summary_large_image\" \/>\n<meta name=\"twitter:site\" content=\"@AlvaradoParkway\" \/>\n<script type=\"application\/ld+json\" class=\"yoast-schema-graph\">{\"@context\":\"https:\\\/\\\/schema.org\",\"@graph\":[{\"@type\":\"WebPage\",\"@id\":\"https:\\\/\\\/apibhs.com\\\/es\\\/contactanos\",\"url\":\"https:\\\/\\\/apibhs.com\\\/es\\\/contactanos\",\"name\":\"CONT\u00c1CTANOS - Alvarado Parkway Institute\",\"isPartOf\":{\"@id\":\"https:\\\/\\\/apibhs.com\\\/es#website\"},\"primaryImageOfPage\":{\"@id\":\"https:\\\/\\\/apibhs.com\\\/es\\\/contactanos#primaryimage\"},\"image\":{\"@id\":\"https:\\\/\\\/apibhs.com\\\/es\\\/contactanos#primaryimage\"},\"thumbnailUrl\":\"https:\\\/\\\/apibhs.com\\\/wp-content\\\/uploads\\\/2019\\\/08\\\/HERO-contact-gradient.jpg\",\"datePublished\":\"2022-01-27T19:31:34+00:00\",\"dateModified\":\"2026-02-24T00:40:23+00:00\",\"breadcrumb\":{\"@id\":\"https:\\\/\\\/apibhs.com\\\/es\\\/contactanos#breadcrumb\"},\"inLanguage\":\"es\",\"potentialAction\":[{\"@type\":\"ReadAction\",\"target\":[\"https:\\\/\\\/apibhs.com\\\/es\\\/contactanos\"]}]},{\"@type\":\"ImageObject\",\"inLanguage\":\"es\",\"@id\":\"https:\\\/\\\/apibhs.com\\\/es\\\/contactanos#primaryimage\",\"url\":\"https:\\\/\\\/apibhs.com\\\/wp-content\\\/uploads\\\/2019\\\/08\\\/HERO-contact-gradient.jpg\",\"contentUrl\":\"https:\\\/\\\/apibhs.com\\\/wp-content\\\/uploads\\\/2019\\\/08\\\/HERO-contact-gradient.jpg\",\"width\":1600,\"height\":901,\"caption\":\"People in operations center talking on Landline phone. Operators in the office.\"},{\"@type\":\"BreadcrumbList\",\"@id\":\"https:\\\/\\\/apibhs.com\\\/es\\\/contactanos#breadcrumb\",\"itemListElement\":[{\"@type\":\"ListItem\",\"position\":1,\"name\":\"Home\",\"item\":\"https:\\\/\\\/apibhs.com\\\/es\"},{\"@type\":\"ListItem\",\"position\":2,\"name\":\"CONT\u00c1CTANOS\"}]},{\"@type\":\"WebSite\",\"@id\":\"https:\\\/\\\/apibhs.com\\\/es#website\",\"url\":\"https:\\\/\\\/apibhs.com\\\/es\",\"name\":\"Alvarado Parkway Institute\",\"description\":\"Behavioral Health System\",\"publisher\":{\"@id\":\"https:\\\/\\\/apibhs.com\\\/es#organization\"},\"potentialAction\":[{\"@type\":\"SearchAction\",\"target\":{\"@type\":\"EntryPoint\",\"urlTemplate\":\"https:\\\/\\\/apibhs.com\\\/es?s={search_term_string}\"},\"query-input\":{\"@type\":\"PropertyValueSpecification\",\"valueRequired\":true,\"valueName\":\"search_term_string\"}}],\"inLanguage\":\"es\"},{\"@type\":\"Organization\",\"@id\":\"https:\\\/\\\/apibhs.com\\\/es#organization\",\"name\":\"Alvarado Parkway Institute\",\"url\":\"https:\\\/\\\/apibhs.com\\\/es\",\"logo\":{\"@type\":\"ImageObject\",\"inLanguage\":\"es\",\"@id\":\"https:\\\/\\\/apibhs.com\\\/es#\\\/schema\\\/logo\\\/image\\\/\",\"url\":\"https:\\\/\\\/apibhs.com\\\/wp-content\\\/uploads\\\/2019\\\/12\\\/logo_500px.png\",\"contentUrl\":\"https:\\\/\\\/apibhs.com\\\/wp-content\\\/uploads\\\/2019\\\/12\\\/logo_500px.png\",\"width\":500,\"height\":294,\"caption\":\"Alvarado Parkway Institute\"},\"image\":{\"@id\":\"https:\\\/\\\/apibhs.com\\\/es#\\\/schema\\\/logo\\\/image\\\/\"},\"sameAs\":[\"https:\\\/\\\/www.facebook.com\\\/AlvaradoParkwayInstitute\\\/\",\"https:\\\/\\\/x.com\\\/AlvaradoParkway\",\"https:\\\/\\\/www.instagram.com\\\/alvaradoparkwayinstitute\\\/\",\"https:\\\/\\\/www.youtube.com\\\/channel\\\/UCez8rfL6s86VgKuMiVTsYqA\",\"https:\\\/\\\/www.linkedin.com\\\/company\\\/alvaradoparkwayinstitute\",\"https:\\\/\\\/vimeo.com\\\/alvaradoparkwayinstitute\"]}]}<\/script>\n<!-- \/ Yoast SEO plugin. -->","yoast_head_json":{"title":"CONT\u00c1CTANOS - Alvarado Parkway Institute","robots":{"index":"index","follow":"follow","max-snippet":"max-snippet:-1","max-image-preview":"max-image-preview:large","max-video-preview":"max-video-preview:-1"},"canonical":"https:\/\/apibhs.com\/es\/contactanos","og_locale":"es_ES","og_type":"article","og_title":"CONT\u00c1CTANOS - Alvarado Parkway Institute","og_url":"https:\/\/apibhs.com\/es\/contactanos","og_site_name":"Alvarado Parkway Institute","article_publisher":"https:\/\/www.facebook.com\/AlvaradoParkwayInstitute\/","article_modified_time":"2026-02-24T00:40:23+00:00","og_image":[{"width":1600,"height":901,"url":"https:\/\/apibhs.com\/wp-content\/uploads\/2019\/08\/HERO-contact-gradient.jpg","type":"image\/jpeg"}],"twitter_card":"summary_large_image","twitter_site":"@AlvaradoParkway","schema":{"@context":"https:\/\/schema.org","@graph":[{"@type":"WebPage","@id":"https:\/\/apibhs.com\/es\/contactanos","url":"https:\/\/apibhs.com\/es\/contactanos","name":"CONT\u00c1CTANOS - Alvarado Parkway Institute","isPartOf":{"@id":"https:\/\/apibhs.com\/es#website"},"primaryImageOfPage":{"@id":"https:\/\/apibhs.com\/es\/contactanos#primaryimage"},"image":{"@id":"https:\/\/apibhs.com\/es\/contactanos#primaryimage"},"thumbnailUrl":"https:\/\/apibhs.com\/wp-content\/uploads\/2019\/08\/HERO-contact-gradient.jpg","datePublished":"2022-01-27T19:31:34+00:00","dateModified":"2026-02-24T00:40:23+00:00","breadcrumb":{"@id":"https:\/\/apibhs.com\/es\/contactanos#breadcrumb"},"inLanguage":"es","potentialAction":[{"@type":"ReadAction","target":["https:\/\/apibhs.com\/es\/contactanos"]}]},{"@type":"ImageObject","inLanguage":"es","@id":"https:\/\/apibhs.com\/es\/contactanos#primaryimage","url":"https:\/\/apibhs.com\/wp-content\/uploads\/2019\/08\/HERO-contact-gradient.jpg","contentUrl":"https:\/\/apibhs.com\/wp-content\/uploads\/2019\/08\/HERO-contact-gradient.jpg","width":1600,"height":901,"caption":"People in operations center talking on Landline phone. Operators in the office."},{"@type":"BreadcrumbList","@id":"https:\/\/apibhs.com\/es\/contactanos#breadcrumb","itemListElement":[{"@type":"ListItem","position":1,"name":"Home","item":"https:\/\/apibhs.com\/es"},{"@type":"ListItem","position":2,"name":"CONT\u00c1CTANOS"}]},{"@type":"WebSite","@id":"https:\/\/apibhs.com\/es#website","url":"https:\/\/apibhs.com\/es","name":"Alvarado Parkway Institute","description":"Behavioral Health System","publisher":{"@id":"https:\/\/apibhs.com\/es#organization"},"potentialAction":[{"@type":"SearchAction","target":{"@type":"EntryPoint","urlTemplate":"https:\/\/apibhs.com\/es?s={search_term_string}"},"query-input":{"@type":"PropertyValueSpecification","valueRequired":true,"valueName":"search_term_string"}}],"inLanguage":"es"},{"@type":"Organization","@id":"https:\/\/apibhs.com\/es#organization","name":"Alvarado Parkway Institute","url":"https:\/\/apibhs.com\/es","logo":{"@type":"ImageObject","inLanguage":"es","@id":"https:\/\/apibhs.com\/es#\/schema\/logo\/image\/","url":"https:\/\/apibhs.com\/wp-content\/uploads\/2019\/12\/logo_500px.png","contentUrl":"https:\/\/apibhs.com\/wp-content\/uploads\/2019\/12\/logo_500px.png","width":500,"height":294,"caption":"Alvarado Parkway Institute"},"image":{"@id":"https:\/\/apibhs.com\/es#\/schema\/logo\/image\/"},"sameAs":["https:\/\/www.facebook.com\/AlvaradoParkwayInstitute\/","https:\/\/x.com\/AlvaradoParkway","https:\/\/www.instagram.com\/alvaradoparkwayinstitute\/","https:\/\/www.youtube.com\/channel\/UCez8rfL6s86VgKuMiVTsYqA","https:\/\/www.linkedin.com\/company\/alvaradoparkwayinstitute","https:\/\/vimeo.com\/alvaradoparkwayinstitute"]}]}},"amp_enabled":false,"_links":{"self":[{"href":"https:\/\/apibhs.com\/es\/wp-json\/wp\/v2\/pages\/7432","targetHints":{"allow":["GET"]}}],"collection":[{"href":"https:\/\/apibhs.com\/es\/wp-json\/wp\/v2\/pages"}],"about":[{"href":"https:\/\/apibhs.com\/es\/wp-json\/wp\/v2\/types\/page"}],"author":[{"embeddable":true,"href":"https:\/\/apibhs.com\/es\/wp-json\/wp\/v2\/users\/1"}],"replies":[{"embeddable":true,"href":"https:\/\/apibhs.com\/es\/wp-json\/wp\/v2\/comments?post=7432"}],"version-history":[{"count":3,"href":"https:\/\/apibhs.com\/es\/wp-json\/wp\/v2\/pages\/7432\/revisions"}],"predecessor-version":[{"id":244927,"href":"https:\/\/apibhs.com\/es\/wp-json\/wp\/v2\/pages\/7432\/revisions\/244927"}],"wp:featuredmedia":[{"embeddable":true,"href":"https:\/\/apibhs.com\/es\/wp-json\/wp\/v2\/media\/7199"}],"wp:attachment":[{"href":"https:\/\/apibhs.com\/es\/wp-json\/wp\/v2\/media?parent=7432"}],"curies":[{"name":"wp","href":"https:\/\/api.w.org\/{rel}","templated":true}]}}