{"id":7440,"date":"2022-01-27T12:37:42","date_gmt":"2022-01-27T20:37:42","guid":{"rendered":"https:\/\/apibhs.com\/carreras"},"modified":"2026-02-20T12:42:55","modified_gmt":"2026-02-20T20:42:55","slug":"carreras","status":"publish","type":"page","link":"https:\/\/apibhs.com\/es\/carreras","title":{"rendered":"Carreras"},"content":{"rendered":"<section class=\"block-embed-text  block-embed-text--dark\">\n  <div class=\"block-embed-text__inner container\">\n\n          <h2 class=\"block-embed-text__header text-center\">\u00bfEST\u00c1S LISTO PARA UNA CARRERA EMOCIONANTE EN LA SALUD CONDUCTUAL?<\/h2>\n    \n    <div class=\"row justify-content-center\">\n\n      <div class=\"col-lg-6 col-xl-7 mb-4 mb-lg-0\">\n\n                  <div class=\"block-embed-text__embed embed-container\"><iframe src=\"https:\/\/player.vimeo.com\/video\/371284500\"><\/iframe><\/div>\n        \n      <\/div>\n      <div class=\"col-lg-6 col-xl-5 mb-4 mb-lg-0 \">\n\n                  <div class=\"block-embed-text__text\"><p>En API, creemos que cada ser humano tiene una vocaci\u00f3n y un prop\u00f3sito \u00fanicos para sus vidas. Si tienes el deseo de servir y apoyar a las personas con enfermedades mentales, trastornos adictivos o trastornos concurrentes, entonces queremos saber de ti.<\/p>\n<p>Considera una carrera en API donde podr\u00edas ser una parte importante de un equipo l\u00edder de m\u00e9dicos, personal administrativo y profesionales de la salud conductual dedicados al trabajo de mejorar la salud mental y la calidad de vida ayudando a las personas a maximizar su potencial.<\/p>\n<p>API valora a las personas, el servicio y los resultados. Eso significa brindar un servicio excepcional a nuestros clientes y entre nosotros, asegurando resultados positivos para mejorar las vidas de aquellos con quienes tocamos y honrando el prop\u00f3sito \u00fanico que existe en todas las personas. Estos valores est\u00e1n en el coraz\u00f3n de lo que m\u00e1s nos importa&#8230; Si tus valores se conectan con los nuestros, \u00a1echa un vistazo a nuestras oportunidades de empleo y considera unirte al equipo de API!<\/p>\n<p><a class=\"btn btn-secondary\" href=\"https:\/\/apibhs.com\/physician-recruitment\" target=\"_blank\" rel=\"noopener\">Contrataci\u00f3n de m\u00e9dicos (en ingl\u00e9s)<\/a><\/p>\n<p><a class=\"btn btn-secondary\" href=\"https:\/\/apibhs.com\/internship-opportunities\" target=\"_blank\" rel=\"noopener\">Oportunidades de pasant\u00edas (en ingl\u00e9s)<\/a><\/p>\n<\/div>\n        \n      <\/div>\n\n    <\/div>\n\n  <\/div>\n<\/section>\n\n\n<div class=\"\">\n  <div class=\"block-content-sidebar\">\n    <div class=\"block-content-sidebar__inner container\">\n\n      <div class=\"row\">\n        <div class=\"block-content-sidebar__col1 col-lg-7 col-xl-8 mb-5 mb-lg-0\">\n\n                    <h2 class=\"block-content-sidebar__header\">\u00bfQuieres una carrera gratificante con API? \u00a1Aplica hoy! \u00a1Aplica hoy!<\/h2>\n          \n                    <div class=\"block-content-sidebar__text\"><div style=\"height: 800px; max-width: calc(100% - 25px); padding-left: 20px; width: 650px; overflow: auto; -webkit-overflow-scrolling:touch;\"><iframe src=\"https:\/\/recruiting.paylocity.com\/recruiting\/jobs\/All\/a74fd35f-7c7e-4381-8d2c-d2652a1fdf04\/Alvarado-Parkway-Institute\" style=\"width: 100%; height: 99%; border: none;\"><\/iframe><\/div><\/div>\n          \n        <\/div>\n        <div class=\"block-content-sidebar__col2 col-lg-5 col-xl-4\">\n\n                    <div class=\"block-content-sidebar__sidebar sidebar\">\n            <section class=\"widget text-4 widget_text\"><h3>Stay Informed!<\/h3>\t\t\t<div class=\"textwidget\"><p>Receive free information about behavioral health.<\/p>\n<script>(function() {\n\twindow.mc4wp = window.mc4wp || {\n\t\tlisteners: [],\n\t\tforms: {\n\t\t\ton: function(evt, cb) {\n\t\t\t\twindow.mc4wp.listeners.push(\n\t\t\t\t\t{\n\t\t\t\t\t\tevent   : evt,\n\t\t\t\t\t\tcallback: cb\n\t\t\t\t\t}\n\t\t\t\t);\n\t\t\t}\n\t\t}\n\t}\n})();\n<\/script><!-- Mailchimp for WordPress v4.12.1 - https:\/\/wordpress.org\/plugins\/mailchimp-for-wp\/ --><form id=\"mc4wp-form-1\" class=\"mc4wp-form mc4wp-form-2843\" method=\"post\" data-id=\"2843\" data-name=\"Sidebar Subscribe Form\" ><div class=\"mc4wp-form-fields\"><p>\r\n  <label>First Name:<\/label><br>\r\n    <input type=\"text\" name=\"FNAME\" required=\"\">\r\n<\/p>\r\n<p>\r\n    <label>Last Name:<\/label><br>\r\n    <input type=\"text\" name=\"LNAME\" required=\"\">\r\n<\/p>\r\n<p>\r\n\t<label>Email address:<\/label> <br>\r\n\t\t<input type=\"email\" name=\"EMAIL\" required \/>\r\n\r\n<\/p>\r\n\r\n<p>\r\n\t<input type=\"submit\" value=\"Subscribe\" \/>\r\n<\/p>\r\n<\/div><label style=\"display: none !important;\">Deja vac\u00edo este campo si eres humano: <input type=\"text\" name=\"_mc4wp_honeypot\" value=\"\" tabindex=\"-1\" autocomplete=\"off\" \/><\/label><input type=\"hidden\" name=\"_mc4wp_timestamp\" value=\"1776667955\" \/><input type=\"hidden\" name=\"_mc4wp_form_id\" value=\"2843\" \/><input type=\"hidden\" name=\"_mc4wp_form_element_id\" value=\"mc4wp-form-1\" \/><div class=\"mc4wp-response\"><\/div><\/form><!-- \/ Mailchimp for WordPress Plugin -->\n<\/div>\n\t\t<\/section><section class=\"widget block-9 widget_block\">\n<h2 class=\"wp-block-heading\" id=\"moving-to-san-diego\">Moving to San Diego?<\/h2>\n<\/section><section class=\"widget block-8 widget_block widget_text\">\n<p>Below is a quick-reference booklet with some key information about Getting to Know San Diego.<\/p>\n<\/section><section class=\"widget block-5 widget_block\">\n<figure class=\"wp-block-embed is-type-rich is-provider-issuu wp-block-embed-issuu\"><div class=\"wp-block-embed__wrapper\">\n<div data-url=\"https:\/\/issuu.com\/apibhs1\/docs\/sandiego-highlights\" style=\"width: 500px; height: 324px;\" class=\"issuuembed\"><\/div><script type=\"text\/javascript\" src=\"\/\/e.issuu.com\/embed.js\" async=\"true\"><\/script>\n<\/div><\/figure>\n<\/section>          <\/div>\n          \n        <\/div>\n      <\/div>\n\n    <\/div>\n  <\/div>\n<\/div>","protected":false},"excerpt":{"rendered":"","protected":false},"author":1,"featured_media":7186,"parent":0,"menu_order":0,"comment_status":"closed","ping_status":"closed","template":"views\/template-wide.blade.php","meta":{"_acf_changed":false,"inline_featured_image":false,"footnotes":""},"class_list":["post-7440","page","type-page","status-publish","has-post-thumbnail","hentry"],"acf":[],"yoast_head":"<!-- This site is optimized with the Yoast SEO plugin v27.4 - https:\/\/yoast.com\/product\/yoast-seo-wordpress\/ -->\n<title>Carreras - Alvarado Parkway Institute<\/title>\n<meta name=\"robots\" content=\"index, follow, max-snippet:-1, max-image-preview:large, max-video-preview:-1\" \/>\n<link rel=\"canonical\" href=\"https:\/\/apibhs.com\/es\/carreras\" \/>\n<meta property=\"og:locale\" content=\"es_ES\" \/>\n<meta property=\"og:type\" content=\"article\" \/>\n<meta property=\"og:title\" content=\"Carreras - Alvarado Parkway Institute\" \/>\n<meta property=\"og:url\" content=\"https:\/\/apibhs.com\/es\/carreras\" \/>\n<meta property=\"og:site_name\" content=\"Alvarado Parkway Institute\" \/>\n<meta property=\"article:publisher\" content=\"https:\/\/www.facebook.com\/AlvaradoParkwayInstitute\/\" \/>\n<meta property=\"article:modified_time\" content=\"2026-02-20T20:42:55+00:00\" \/>\n<meta property=\"og:image\" content=\"https:\/\/apibhs.com\/wp-content\/uploads\/2019\/07\/HERO-careers.jpg\" \/>\n\t<meta property=\"og:image:width\" content=\"1600\" \/>\n\t<meta property=\"og:image:height\" content=\"900\" \/>\n\t<meta property=\"og:image:type\" content=\"image\/jpeg\" \/>\n<meta name=\"twitter:card\" content=\"summary_large_image\" \/>\n<meta name=\"twitter:site\" content=\"@AlvaradoParkway\" \/>\n<meta name=\"twitter:label1\" content=\"Tiempo de lectura\" \/>\n\t<meta name=\"twitter:data1\" content=\"1 minuto\" \/>\n<script type=\"application\/ld+json\" class=\"yoast-schema-graph\">{\"@context\":\"https:\\\/\\\/schema.org\",\"@graph\":[{\"@type\":\"WebPage\",\"@id\":\"https:\\\/\\\/apibhs.com\\\/es\\\/carreras\",\"url\":\"https:\\\/\\\/apibhs.com\\\/es\\\/carreras\",\"name\":\"Carreras - Alvarado Parkway Institute\",\"isPartOf\":{\"@id\":\"https:\\\/\\\/apibhs.com\\\/es#website\"},\"primaryImageOfPage\":{\"@id\":\"https:\\\/\\\/apibhs.com\\\/es\\\/carreras#primaryimage\"},\"image\":{\"@id\":\"https:\\\/\\\/apibhs.com\\\/es\\\/carreras#primaryimage\"},\"thumbnailUrl\":\"https:\\\/\\\/apibhs.com\\\/wp-content\\\/uploads\\\/2019\\\/07\\\/HERO-careers.jpg\",\"datePublished\":\"2022-01-27T20:37:42+00:00\",\"dateModified\":\"2026-02-20T20:42:55+00:00\",\"breadcrumb\":{\"@id\":\"https:\\\/\\\/apibhs.com\\\/es\\\/carreras#breadcrumb\"},\"inLanguage\":\"es\",\"potentialAction\":[{\"@type\":\"ReadAction\",\"target\":[\"https:\\\/\\\/apibhs.com\\\/es\\\/carreras\"]}]},{\"@type\":\"ImageObject\",\"inLanguage\":\"es\",\"@id\":\"https:\\\/\\\/apibhs.com\\\/es\\\/carreras#primaryimage\",\"url\":\"https:\\\/\\\/apibhs.com\\\/wp-content\\\/uploads\\\/2019\\\/07\\\/HERO-careers.jpg\",\"contentUrl\":\"https:\\\/\\\/apibhs.com\\\/wp-content\\\/uploads\\\/2019\\\/07\\\/HERO-careers.jpg\",\"width\":1600,\"height\":900,\"caption\":\"Cheerful African-American office worker giving high five to colleagues and looking at camera.\"},{\"@type\":\"BreadcrumbList\",\"@id\":\"https:\\\/\\\/apibhs.com\\\/es\\\/carreras#breadcrumb\",\"itemListElement\":[{\"@type\":\"ListItem\",\"position\":1,\"name\":\"Home\",\"item\":\"https:\\\/\\\/apibhs.com\\\/es\"},{\"@type\":\"ListItem\",\"position\":2,\"name\":\"Carreras\"}]},{\"@type\":\"WebSite\",\"@id\":\"https:\\\/\\\/apibhs.com\\\/es#website\",\"url\":\"https:\\\/\\\/apibhs.com\\\/es\",\"name\":\"Alvarado Parkway Institute\",\"description\":\"Behavioral Health System\",\"publisher\":{\"@id\":\"https:\\\/\\\/apibhs.com\\\/es#organization\"},\"potentialAction\":[{\"@type\":\"SearchAction\",\"target\":{\"@type\":\"EntryPoint\",\"urlTemplate\":\"https:\\\/\\\/apibhs.com\\\/es?s={search_term_string}\"},\"query-input\":{\"@type\":\"PropertyValueSpecification\",\"valueRequired\":true,\"valueName\":\"search_term_string\"}}],\"inLanguage\":\"es\"},{\"@type\":\"Organization\",\"@id\":\"https:\\\/\\\/apibhs.com\\\/es#organization\",\"name\":\"Alvarado Parkway Institute\",\"url\":\"https:\\\/\\\/apibhs.com\\\/es\",\"logo\":{\"@type\":\"ImageObject\",\"inLanguage\":\"es\",\"@id\":\"https:\\\/\\\/apibhs.com\\\/es#\\\/schema\\\/logo\\\/image\\\/\",\"url\":\"https:\\\/\\\/apibhs.com\\\/wp-content\\\/uploads\\\/2019\\\/12\\\/logo_500px.png\",\"contentUrl\":\"https:\\\/\\\/apibhs.com\\\/wp-content\\\/uploads\\\/2019\\\/12\\\/logo_500px.png\",\"width\":500,\"height\":294,\"caption\":\"Alvarado Parkway Institute\"},\"image\":{\"@id\":\"https:\\\/\\\/apibhs.com\\\/es#\\\/schema\\\/logo\\\/image\\\/\"},\"sameAs\":[\"https:\\\/\\\/www.facebook.com\\\/AlvaradoParkwayInstitute\\\/\",\"https:\\\/\\\/x.com\\\/AlvaradoParkway\",\"https:\\\/\\\/www.instagram.com\\\/alvaradoparkwayinstitute\\\/\",\"https:\\\/\\\/www.youtube.com\\\/channel\\\/UCez8rfL6s86VgKuMiVTsYqA\",\"https:\\\/\\\/www.linkedin.com\\\/company\\\/alvaradoparkwayinstitute\",\"https:\\\/\\\/vimeo.com\\\/alvaradoparkwayinstitute\"]}]}<\/script>\n<!-- \/ Yoast SEO plugin. -->","yoast_head_json":{"title":"Carreras - Alvarado Parkway Institute","robots":{"index":"index","follow":"follow","max-snippet":"max-snippet:-1","max-image-preview":"max-image-preview:large","max-video-preview":"max-video-preview:-1"},"canonical":"https:\/\/apibhs.com\/es\/carreras","og_locale":"es_ES","og_type":"article","og_title":"Carreras - Alvarado Parkway Institute","og_url":"https:\/\/apibhs.com\/es\/carreras","og_site_name":"Alvarado Parkway Institute","article_publisher":"https:\/\/www.facebook.com\/AlvaradoParkwayInstitute\/","article_modified_time":"2026-02-20T20:42:55+00:00","og_image":[{"width":1600,"height":900,"url":"https:\/\/apibhs.com\/wp-content\/uploads\/2019\/07\/HERO-careers.jpg","type":"image\/jpeg"}],"twitter_card":"summary_large_image","twitter_site":"@AlvaradoParkway","twitter_misc":{"Tiempo de lectura":"1 minuto"},"schema":{"@context":"https:\/\/schema.org","@graph":[{"@type":"WebPage","@id":"https:\/\/apibhs.com\/es\/carreras","url":"https:\/\/apibhs.com\/es\/carreras","name":"Carreras - Alvarado Parkway Institute","isPartOf":{"@id":"https:\/\/apibhs.com\/es#website"},"primaryImageOfPage":{"@id":"https:\/\/apibhs.com\/es\/carreras#primaryimage"},"image":{"@id":"https:\/\/apibhs.com\/es\/carreras#primaryimage"},"thumbnailUrl":"https:\/\/apibhs.com\/wp-content\/uploads\/2019\/07\/HERO-careers.jpg","datePublished":"2022-01-27T20:37:42+00:00","dateModified":"2026-02-20T20:42:55+00:00","breadcrumb":{"@id":"https:\/\/apibhs.com\/es\/carreras#breadcrumb"},"inLanguage":"es","potentialAction":[{"@type":"ReadAction","target":["https:\/\/apibhs.com\/es\/carreras"]}]},{"@type":"ImageObject","inLanguage":"es","@id":"https:\/\/apibhs.com\/es\/carreras#primaryimage","url":"https:\/\/apibhs.com\/wp-content\/uploads\/2019\/07\/HERO-careers.jpg","contentUrl":"https:\/\/apibhs.com\/wp-content\/uploads\/2019\/07\/HERO-careers.jpg","width":1600,"height":900,"caption":"Cheerful African-American office worker giving high five to colleagues and looking at camera."},{"@type":"BreadcrumbList","@id":"https:\/\/apibhs.com\/es\/carreras#breadcrumb","itemListElement":[{"@type":"ListItem","position":1,"name":"Home","item":"https:\/\/apibhs.com\/es"},{"@type":"ListItem","position":2,"name":"Carreras"}]},{"@type":"WebSite","@id":"https:\/\/apibhs.com\/es#website","url":"https:\/\/apibhs.com\/es","name":"Alvarado Parkway Institute","description":"Behavioral Health System","publisher":{"@id":"https:\/\/apibhs.com\/es#organization"},"potentialAction":[{"@type":"SearchAction","target":{"@type":"EntryPoint","urlTemplate":"https:\/\/apibhs.com\/es?s={search_term_string}"},"query-input":{"@type":"PropertyValueSpecification","valueRequired":true,"valueName":"search_term_string"}}],"inLanguage":"es"},{"@type":"Organization","@id":"https:\/\/apibhs.com\/es#organization","name":"Alvarado Parkway Institute","url":"https:\/\/apibhs.com\/es","logo":{"@type":"ImageObject","inLanguage":"es","@id":"https:\/\/apibhs.com\/es#\/schema\/logo\/image\/","url":"https:\/\/apibhs.com\/wp-content\/uploads\/2019\/12\/logo_500px.png","contentUrl":"https:\/\/apibhs.com\/wp-content\/uploads\/2019\/12\/logo_500px.png","width":500,"height":294,"caption":"Alvarado Parkway Institute"},"image":{"@id":"https:\/\/apibhs.com\/es#\/schema\/logo\/image\/"},"sameAs":["https:\/\/www.facebook.com\/AlvaradoParkwayInstitute\/","https:\/\/x.com\/AlvaradoParkway","https:\/\/www.instagram.com\/alvaradoparkwayinstitute\/","https:\/\/www.youtube.com\/channel\/UCez8rfL6s86VgKuMiVTsYqA","https:\/\/www.linkedin.com\/company\/alvaradoparkwayinstitute","https:\/\/vimeo.com\/alvaradoparkwayinstitute"]}]}},"amp_enabled":false,"_links":{"self":[{"href":"https:\/\/apibhs.com\/es\/wp-json\/wp\/v2\/pages\/7440","targetHints":{"allow":["GET"]}}],"collection":[{"href":"https:\/\/apibhs.com\/es\/wp-json\/wp\/v2\/pages"}],"about":[{"href":"https:\/\/apibhs.com\/es\/wp-json\/wp\/v2\/types\/page"}],"author":[{"embeddable":true,"href":"https:\/\/apibhs.com\/es\/wp-json\/wp\/v2\/users\/1"}],"replies":[{"embeddable":true,"href":"https:\/\/apibhs.com\/es\/wp-json\/wp\/v2\/comments?post=7440"}],"version-history":[{"count":5,"href":"https:\/\/apibhs.com\/es\/wp-json\/wp\/v2\/pages\/7440\/revisions"}],"predecessor-version":[{"id":244852,"href":"https:\/\/apibhs.com\/es\/wp-json\/wp\/v2\/pages\/7440\/revisions\/244852"}],"wp:featuredmedia":[{"embeddable":true,"href":"https:\/\/apibhs.com\/es\/wp-json\/wp\/v2\/media\/7186"}],"wp:attachment":[{"href":"https:\/\/apibhs.com\/es\/wp-json\/wp\/v2\/media?parent=7440"}],"curies":[{"name":"wp","href":"https:\/\/api.w.org\/{rel}","templated":true}]}}